{"id":3,"date":"2020-08-08T08:42:40","date_gmt":"2020-08-08T06:42:40","guid":{"rendered":"https:\/\/zanocujwlesie.lasy.gov.pl\/?page_id=3"},"modified":"2020-08-13T12:34:29","modified_gmt":"2020-08-13T10:34:29","slug":"polityka-prywatnosci","status":"publish","type":"page","link":"https:\/\/zanocujwlesie.lasy.gov.pl\/?page_id=3","title":{"rendered":"Polityka prywatno\u015bci"},"content":{"rendered":"\t\t<div data-elementor-type=\"wp-page\" data-elementor-id=\"3\" class=\"elementor elementor-3\" data-elementor-post-type=\"page\">\n\t\t\t\t\t\t<section class=\"elementor-section elementor-top-section elementor-element elementor-element-4d97f3e7 elementor-section-boxed elementor-section-height-default elementor-section-height-default\" data-id=\"4d97f3e7\" data-element_type=\"section\" data-e-type=\"section\">\n\t\t\t\t\t\t<div class=\"elementor-container elementor-column-gap-default\">\n\t\t\t\t\t<div class=\"elementor-column elementor-col-100 elementor-top-column elementor-element elementor-element-5f59ce26\" data-id=\"5f59ce26\" data-element_type=\"column\" data-e-type=\"column\">\n\t\t\t<div class=\"elementor-widget-wrap elementor-element-populated\">\n\t\t\t\t\t\t<div class=\"elementor-element elementor-element-90340e4 elementor-widget elementor-widget-text-editor\" data-id=\"90340e4\" data-element_type=\"widget\" data-e-type=\"widget\" data-widget_type=\"text-editor.default\">\n\t\t\t\t<div class=\"elementor-widget-container\">\n\t\t\t\t\t\t\t\t\t<p><\/p>\n<p>Za pomoc\u0105 technologii cookie zbieramy jedynie anonimowe dane statystyczne o u\u017cytkownikach s\u0142u\u017c\u0105ce do poprawy wygody korzystania z serwisu. Nie zbieramy \u017cadnych danych identyfikuj\u0105cych u\u017cytkownik\u00f3w.<\/p>\n<p><strong><span style=\"letter-spacing: 0em;\">Cookies &#8211; co to jest?<\/span><\/strong><\/p>\n<p>S\u0105 to ma\u0142e pliki tekstowe pochodz\u0105ce z witryny www zapami\u0119tywane przez przegl\u0105dark\u0119 internetow\u0105 u\u017cytkownika serwisu. Pliki cookie dziel\u0105 si\u0119 na tymczasowe &#8211; pami\u0119tane do czasu zamkni\u0119cia przegl\u0105darki i cookie z okre\u015blonym terminem wyga\u015bni\u0119cia, kt\u00f3re s\u0105 zapisywane przez przegl\u0105dark\u0119 na d\u0142u\u017cej.<\/p>\n<p>Samo wys\u0142anie cookie do przegl\u0105darki w \u017caden spos\u00f3b nie mo\u017ce narusza\u0107 prywatno\u015bci u\u017cytkownika. Informacje zawarte w cookie wykorzystywane mog\u0105 by\u0107 jedynie przez stron\u0119 internetow\u0105, z kt\u00f3rej zosta\u0142y wys\u0142ane. Wy\u0142\u0105czenie obs\u0142ugi cookie w przegl\u0105darce, z kt\u00f3rej korzystasz nie wp\u0142ynie negatywnie na zawarto\u015b\u0107 oraz funkcjonowanie naszych stron, utrudni nam zbieranie danych statystycznych o odwiedzinach naszego serwisu.<\/p>\n<p><strong>Jak wy\u0142\u0105czy\u0107 obs\u0142ug\u0119 cookies w przegl\u0105darce?<\/strong><\/p>\n<p>Zazwyczaj pliki cookie s\u0105 bardzo po\u017cyteczne. Dzi\u0119ki nim zapami\u0119tywane s\u0105 Twoje indywidualne ustawienia i dzi\u0119ki nim mo\u017cesz si\u0119 zalogowa\u0107 do swojej poczty.<\/p>\n<p>Autorzy stron internetowych wiedz\u0105 dzi\u0119ki nim, jak wielu u\u017cytkownik\u00f3w do nich zagl\u0105da i co konkretnie czytaj\u0105, a co obchodz\u0105 z daleka.<\/p>\n<p>Informacje zbierane przy u\u017cyciu plik\u00f3w cookie mog\u0105 te\u017c s\u0142u\u017cy\u0107 do zbierania informacji o Tobie w celach handlowych. Np. je\u017celi cz\u0119sto wchodzisz na strony o ksi\u0105\u017ckach, b\u0119dziesz widzia\u0142 wi\u0119cej reklam ksi\u0119garni.<\/p>\n<p>Na szcz\u0119\u015bcie, je\u017celi uwa\u017casz, \u017ce obecno\u015b\u0107 plik\u00f3w cookie narusza Twoj\u0105 prywatno\u015b\u0107, mo\u017cesz w ka\u017cdej chwili je wy\u0142\u0105czy\u0107 albo dla konkretnej witryny albo w og\u00f3le dla wszystkich po\u0142\u0105cze\u0144 z Twojej przegl\u0105darki.<\/p>\n<p><strong>W przegl\u0105darce Mozilla Firefox<\/strong><\/p>\n<p>W menu &#8222;Narz\u0119dzia&#8221; wybierz &#8222;Opcje&#8221; i w nich zak\u0142adk\u0119 &#8222;Prywatno\u015b\u0107&#8221;.<\/p>\n<p>Przegl\u0105darka daje Ci mo\u017cliwo\u015b\u0107 zaznaczenia, \u017ce nie chcesz by\u0107 \u015bledzony w og\u00f3le albo usuni\u0119cia pojedynczych ciasteczek poszczeg\u00f3lnych witryn.<\/p>\n<p><strong>W przegl\u0105darce Microsoft Internet Explorer<\/strong><\/p>\n<p>W menu &#8222;Narz\u0119dzia&#8221; wybierz &#8222;Opcje internetowe&#8221; i w nich zak\u0142adk\u0119 &#8222;Prywatno\u015b\u0107&#8221;.<\/p>\n<p>Specjalnym suwakiem mo\u017cesz regulowa\u0107 og\u00f3lny poziom prywatno\u015bci albo przyciskiem &#8222;Witryny&#8221; zarz\u0105dza\u0107 ustawieniami poszczeg\u00f3lnych serwis\u00f3w internetowych.<\/p>\n<p><strong>W przegl\u0105darce Google Chrome<\/strong><\/p>\n<p>W menu ukrytym pod trzema poziomymi kreseczkami w prawym g\u00f3rnym rogu przegl\u0105darki wybierz &#8222;Narz\u0119dzia&#8221; a potem &#8222;Wyczy\u015b\u0107 dane przegl\u0105dania&#8230;&#8221;. Opr\u00f3cz mo\u017cliwo\u015bci czyszczenia plik\u00f3w cookie, znajduje si\u0119 tam link &#8222;Wi\u0119cej informacji&#8221;, kt\u00f3ry prowadzi do szczeg\u00f3\u0142owego opisu funkcji prywatno\u015bci przegl\u0105darki.<\/p>\n<p><strong>W przegl\u0105darce Opera<\/strong><\/p>\n<p>Przyciskiem &#8222;Opera&#8221; w lewym g\u00f3rnym rogu otw\u00f3rz menu i wybierz w nim &#8222;Ustawienia&#8221; i dalej &#8222;Wyczy\u015b\u0107 histori\u0119 przegl\u0105dania&#8230;&#8221;.<\/p>\n<p>Opr\u00f3cz mo\u017cliwo\u015bci skasowania ju\u017c ustawionych plik\u00f3w cookie, jest tam te\u017c przycisk &#8222;Zarz\u0105dzaj ciasteczkami&#8230;&#8221; prowadz\u0105cy do bardziej zaawansowanych opcji dla poszczeg\u00f3lnych witryn.<\/p>\n<p><strong>W przegl\u0105darce Apple Safari<\/strong><\/p>\n<p>W menu &#8222;Safari&#8221; wybierz &#8222;Preferencje&#8221; i w nich zak\u0142adk\u0119 &#8222;Prywatno\u015b\u0107&#8221;. Znajdziesz w niej liczne opcje dotycz\u0105ce plik\u00f3w cookie.<\/p>\n<p><strong>W telefonach kom\u00f3rkowych, tabletach i innych urz\u0105dzeniach mobilnych<\/strong><\/p>\n<p>Ka\u017cdy model telefonu mo\u017ce t\u0119 funkcj\u0119 obs\u0142ugiwa\u0107 w inny spos\u00f3b. Dlatego zach\u0119camy do zapoznania si\u0119 z opcjami prywatno\u015bci w dokumentacji na stronie internetowej producenta Twojego urz\u0105dzenia mobilnego.<\/p>\n<p><\/p>\t\t\t\t\t\t\t\t<\/div>\n\t\t\t\t<\/div>\n\t\t\t\t\t<\/div>\n\t\t<\/div>\n\t\t\t\t\t<\/div>\n\t\t<\/section>\n\t\t\t\t<\/div>\n\t\t","protected":false},"excerpt":{"rendered":"<p>Za pomoc\u0105 technologii cookie zbieramy jedynie anonimowe dane statystyczne o u\u017cytkownikach s\u0142u\u017c\u0105ce do poprawy wygody korzystania z serwisu. Nie zbieramy \u017cadnych danych identyfikuj\u0105cych u\u017cytkownik\u00f3w. Cookies&#8230;<\/p>\n","protected":false},"author":1,"featured_media":0,"parent":0,"menu_order":0,"comment_status":"closed","ping_status":"open","template":"","meta":{"footnotes":""},"class_list":["post-3","page","type-page","status-publish","hentry"],"_links":{"self":[{"href":"https:\/\/zanocujwlesie.lasy.gov.pl\/index.php?rest_route=\/wp\/v2\/pages\/3","targetHints":{"allow":["GET"]}}],"collection":[{"href":"https:\/\/zanocujwlesie.lasy.gov.pl\/index.php?rest_route=\/wp\/v2\/pages"}],"about":[{"href":"https:\/\/zanocujwlesie.lasy.gov.pl\/index.php?rest_route=\/wp\/v2\/types\/page"}],"author":[{"embeddable":true,"href":"https:\/\/zanocujwlesie.lasy.gov.pl\/index.php?rest_route=\/wp\/v2\/users\/1"}],"replies":[{"embeddable":true,"href":"https:\/\/zanocujwlesie.lasy.gov.pl\/index.php?rest_route=%2Fwp%2Fv2%2Fcomments&post=3"}],"version-history":[{"count":4,"href":"https:\/\/zanocujwlesie.lasy.gov.pl\/index.php?rest_route=\/wp\/v2\/pages\/3\/revisions"}],"predecessor-version":[{"id":1901,"href":"https:\/\/zanocujwlesie.lasy.gov.pl\/index.php?rest_route=\/wp\/v2\/pages\/3\/revisions\/1901"}],"wp:attachment":[{"href":"https:\/\/zanocujwlesie.lasy.gov.pl\/index.php?rest_route=%2Fwp%2Fv2%2Fmedia&parent=3"}],"curies":[{"name":"wp","href":"https:\/\/api.w.org\/{rel}","templated":true}]}}